{"id":9,"date":"2024-12-15T22:47:07","date_gmt":"2024-12-15T21:47:07","guid":{"rendered":"http:\/\/www.snowpro.pl\/?page_id=9"},"modified":"2024-12-16T09:47:13","modified_gmt":"2024-12-16T08:47:13","slug":"o-nas-snowpro","status":"publish","type":"page","link":"https:\/\/www.snowpro.pl\/index.php\/o-nas-snowpro\/","title":{"rendered":"O Nas"},"content":{"rendered":"\n<p>Bia\u0142ka Tatrza\u0144ska to nie tylko narty i baseny termalne. Stworzyli\u015bmy ofert\u0119 aktywnego sp\u0119dzania czasu na skuterach \u015bnie\u017cnych. Je\u017adzimy na skuterach od kilkunastu lat i ch\u0119tnie podzielimy si\u0119 do\u015bwiadczeniem i nasz\u0105 pasj\u0105. Skutery \u015bnie\u017cne to nie tylko forma transportu. To tak\u017ce wspania\u0142e hobby, sport i niezapomniane prze\u017cycia.<\/p>\n\n\n\n<h2 class=\"wp-block-heading\"><strong>SNOWPRO<\/strong> &#8211; firma zajmuj\u0105c\u0105 si\u0119 kompleksow\u0105 organizacj\u0105 wypraw na skuterach \u015bnie\u017cnych dla pocz\u0105tkuj\u0105cych i zaawansowanych snowmobilist\u00f3w.<\/h2>\n\n\n\n<p>Serdecznie zapraszamy do korzystania z naszych us\u0142ug. Gwarantujemy pe\u0142n\u0105 satysfakcj\u0119 i zabaw\u0119 na najwy\u017cszym poziomie.<\/p>\n\n\n\n<p><br><strong>Organizujemy wyprawy:<\/strong><br> <br><\/p>\n\n\n\n<ul class=\"wp-block-list\">\n<li>ekstremalne w trudnym terenie,<\/li>\n\n\n\n<li>rekreacyjne w \u0142atwym terenie (r\u00f3wnie\u017c dla rodzin),<\/li>\n\n\n\n<li>szkolenia dla pocz\u0105tkuj\u0105cych snowmobilist\u00f3w,<\/li>\n\n\n\n<li> oraz wiele innych wg. Waszych indywidualnych wymaga\u0144.<\/li>\n<\/ul>\n\n\n\n<figure class=\"wp-block-gallery has-nested-images columns-default is-cropped wp-block-gallery-1 is-layout-flex wp-block-gallery-is-layout-flex\">\n<figure class=\"wp-block-image\"><img loading=\"lazy\" decoding=\"async\" width=\"1024\" height=\"512\" data-id=\"10\" src=\"http:\/\/www.snowpro.pl\/wp-content\/uploads\/2019\/12\/8f-snow-mobile-trip-in-the-polar-night_12__igp9015_scooter_ser_mot_mehamn_alexander-evensen-1024x512.jpg\" alt=\"\" class=\"wp-image-10\" srcset=\"https:\/\/www.snowpro.pl\/wp-content\/uploads\/2019\/12\/8f-snow-mobile-trip-in-the-polar-night_12__igp9015_scooter_ser_mot_mehamn_alexander-evensen-1024x512.jpg 1024w, https:\/\/www.snowpro.pl\/wp-content\/uploads\/2019\/12\/8f-snow-mobile-trip-in-the-polar-night_12__igp9015_scooter_ser_mot_mehamn_alexander-evensen-300x150.jpg 300w, https:\/\/www.snowpro.pl\/wp-content\/uploads\/2019\/12\/8f-snow-mobile-trip-in-the-polar-night_12__igp9015_scooter_ser_mot_mehamn_alexander-evensen-768x384.jpg 768w, https:\/\/www.snowpro.pl\/wp-content\/uploads\/2019\/12\/8f-snow-mobile-trip-in-the-polar-night_12__igp9015_scooter_ser_mot_mehamn_alexander-evensen-1568x784.jpg 1568w, https:\/\/www.snowpro.pl\/wp-content\/uploads\/2019\/12\/8f-snow-mobile-trip-in-the-polar-night_12__igp9015_scooter_ser_mot_mehamn_alexander-evensen.jpg 1900w\" sizes=\"auto, (max-width: 706px) 89vw, (max-width: 767px) 82vw, 740px\" \/><\/figure>\n\n\n\n<figure class=\"wp-block-image\"><img loading=\"lazy\" decoding=\"async\" width=\"1024\" height=\"683\" data-id=\"11\" src=\"http:\/\/www.snowpro.pl\/wp-content\/uploads\/2019\/12\/4226-1024x683.jpg\" alt=\"\" class=\"wp-image-11\" srcset=\"https:\/\/www.snowpro.pl\/wp-content\/uploads\/2019\/12\/4226-1024x683.jpg 1024w, https:\/\/www.snowpro.pl\/wp-content\/uploads\/2019\/12\/4226-300x200.jpg 300w, https:\/\/www.snowpro.pl\/wp-content\/uploads\/2019\/12\/4226-768x512.jpg 768w, https:\/\/www.snowpro.pl\/wp-content\/uploads\/2019\/12\/4226-1568x1045.jpg 1568w\" sizes=\"auto, (max-width: 706px) 89vw, (max-width: 767px) 82vw, 740px\" \/><\/figure>\n\n\n\n<figure class=\"wp-block-image\"><img loading=\"lazy\" decoding=\"async\" width=\"1024\" height=\"613\" data-id=\"12\" src=\"http:\/\/www.snowpro.pl\/wp-content\/uploads\/2019\/12\/23215887_1459291174178593_181242717003929045_o-1024x613.jpg\" alt=\"\" class=\"wp-image-12\" srcset=\"https:\/\/www.snowpro.pl\/wp-content\/uploads\/2019\/12\/23215887_1459291174178593_181242717003929045_o-1024x613.jpg 1024w, https:\/\/www.snowpro.pl\/wp-content\/uploads\/2019\/12\/23215887_1459291174178593_181242717003929045_o-300x180.jpg 300w, https:\/\/www.snowpro.pl\/wp-content\/uploads\/2019\/12\/23215887_1459291174178593_181242717003929045_o-768x460.jpg 768w, https:\/\/www.snowpro.pl\/wp-content\/uploads\/2019\/12\/23215887_1459291174178593_181242717003929045_o-1568x939.jpg 1568w, https:\/\/www.snowpro.pl\/wp-content\/uploads\/2019\/12\/23215887_1459291174178593_181242717003929045_o.jpg 2048w\" sizes=\"auto, (max-width: 706px) 89vw, (max-width: 767px) 82vw, 740px\" \/><\/figure>\n\n\n\n<figure class=\"wp-block-image\"><img loading=\"lazy\" decoding=\"async\" width=\"720\" height=\"387\" data-id=\"13\" src=\"http:\/\/www.snowpro.pl\/wp-content\/uploads\/2019\/12\/51982126_2020897561351282_1065189624990662656_n.jpg\" alt=\"\" class=\"wp-image-13\" srcset=\"https:\/\/www.snowpro.pl\/wp-content\/uploads\/2019\/12\/51982126_2020897561351282_1065189624990662656_n.jpg 720w, https:\/\/www.snowpro.pl\/wp-content\/uploads\/2019\/12\/51982126_2020897561351282_1065189624990662656_n-300x161.jpg 300w\" sizes=\"auto, (max-width: 720px) 100vw, 720px\" \/><\/figure>\n\n\n\n<figure class=\"wp-block-image\"><img loading=\"lazy\" decoding=\"async\" width=\"1024\" height=\"384\" data-id=\"14\" src=\"http:\/\/www.snowpro.pl\/wp-content\/uploads\/2019\/12\/1562701442-snowmobiling-header-xlarge_desktop-1024x384.jpg\" alt=\"\" class=\"wp-image-14\" srcset=\"https:\/\/www.snowpro.pl\/wp-content\/uploads\/2019\/12\/1562701442-snowmobiling-header-xlarge_desktop-1024x384.jpg 1024w, https:\/\/www.snowpro.pl\/wp-content\/uploads\/2019\/12\/1562701442-snowmobiling-header-xlarge_desktop-300x113.jpg 300w, https:\/\/www.snowpro.pl\/wp-content\/uploads\/2019\/12\/1562701442-snowmobiling-header-xlarge_desktop-768x288.jpg 768w, https:\/\/www.snowpro.pl\/wp-content\/uploads\/2019\/12\/1562701442-snowmobiling-header-xlarge_desktop-1568x588.jpg 1568w, https:\/\/www.snowpro.pl\/wp-content\/uploads\/2019\/12\/1562701442-snowmobiling-header-xlarge_desktop.jpg 1920w\" sizes=\"auto, (max-width: 706px) 89vw, (max-width: 767px) 82vw, 740px\" \/><\/figure>\n\n\n\n<figure class=\"wp-block-image\"><img loading=\"lazy\" decoding=\"async\" width=\"1024\" height=\"576\" data-id=\"15\" src=\"http:\/\/www.snowpro.pl\/wp-content\/uploads\/2019\/12\/A-snowmobile-in-the-Monashees-near-Revelstoke-Canada-1024x576.jpg\" alt=\"\" class=\"wp-image-15\" srcset=\"https:\/\/www.snowpro.pl\/wp-content\/uploads\/2019\/12\/A-snowmobile-in-the-Monashees-near-Revelstoke-Canada-1024x576.jpg 1024w, https:\/\/www.snowpro.pl\/wp-content\/uploads\/2019\/12\/A-snowmobile-in-the-Monashees-near-Revelstoke-Canada-300x169.jpg 300w, https:\/\/www.snowpro.pl\/wp-content\/uploads\/2019\/12\/A-snowmobile-in-the-Monashees-near-Revelstoke-Canada-768x432.jpg 768w, https:\/\/www.snowpro.pl\/wp-content\/uploads\/2019\/12\/A-snowmobile-in-the-Monashees-near-Revelstoke-Canada.jpg 1280w\" sizes=\"auto, (max-width: 706px) 89vw, (max-width: 767px) 82vw, 740px\" \/><\/figure>\n\n\n\n<figure class=\"wp-block-image\"><img loading=\"lazy\" decoding=\"async\" width=\"1024\" height=\"768\" data-id=\"16\" src=\"http:\/\/www.snowpro.pl\/wp-content\/uploads\/2019\/12\/gaspe-1024x768.jpg\" alt=\"\" class=\"wp-image-16\" srcset=\"https:\/\/www.snowpro.pl\/wp-content\/uploads\/2019\/12\/gaspe-1024x768.jpg 1024w, https:\/\/www.snowpro.pl\/wp-content\/uploads\/2019\/12\/gaspe-300x225.jpg 300w, https:\/\/www.snowpro.pl\/wp-content\/uploads\/2019\/12\/gaspe-768x576.jpg 768w, https:\/\/www.snowpro.pl\/wp-content\/uploads\/2019\/12\/gaspe-1568x1176.jpg 1568w\" sizes=\"auto, (max-width: 706px) 89vw, (max-width: 767px) 82vw, 740px\" \/><\/figure>\n\n\n\n<figure class=\"wp-block-image\"><img loading=\"lazy\" decoding=\"async\" width=\"1024\" height=\"768\" data-id=\"17\" src=\"http:\/\/www.snowpro.pl\/wp-content\/uploads\/2019\/12\/mootorsaanimatkadOU\u2560\u0142msm.eeIMG_3580v_-1024x768.jpg\" alt=\"\" class=\"wp-image-17\" srcset=\"https:\/\/www.snowpro.pl\/wp-content\/uploads\/2019\/12\/mootorsaanimatkadOU\u2560\u0142msm.eeIMG_3580v_-1024x768.jpg 1024w, https:\/\/www.snowpro.pl\/wp-content\/uploads\/2019\/12\/mootorsaanimatkadOU\u2560\u0142msm.eeIMG_3580v_-300x225.jpg 300w, https:\/\/www.snowpro.pl\/wp-content\/uploads\/2019\/12\/mootorsaanimatkadOU\u2560\u0142msm.eeIMG_3580v_-768x576.jpg 768w, https:\/\/www.snowpro.pl\/wp-content\/uploads\/2019\/12\/mootorsaanimatkadOU\u2560\u0142msm.eeIMG_3580v_.jpg 1280w\" sizes=\"auto, (max-width: 706px) 89vw, (max-width: 767px) 82vw, 740px\" \/><\/figure>\n\n\n\n<figure class=\"wp-block-image\"><img loading=\"lazy\" decoding=\"async\" width=\"960\" height=\"720\" data-id=\"18\" src=\"http:\/\/www.snowpro.pl\/wp-content\/uploads\/2019\/12\/pion.jpg\" alt=\"\" class=\"wp-image-18\" srcset=\"https:\/\/www.snowpro.pl\/wp-content\/uploads\/2019\/12\/pion.jpg 960w, https:\/\/www.snowpro.pl\/wp-content\/uploads\/2019\/12\/pion-300x225.jpg 300w, https:\/\/www.snowpro.pl\/wp-content\/uploads\/2019\/12\/pion-768x576.jpg 768w\" sizes=\"auto, (max-width: 706px) 89vw, (max-width: 767px) 82vw, 740px\" \/><\/figure>\n\n\n\n<figure class=\"wp-block-image\"><img loading=\"lazy\" decoding=\"async\" width=\"1024\" height=\"768\" data-id=\"19\" src=\"http:\/\/www.snowpro.pl\/wp-content\/uploads\/2019\/12\/SAM_4034-1024x768.jpg\" alt=\"\" class=\"wp-image-19\" srcset=\"https:\/\/www.snowpro.pl\/wp-content\/uploads\/2019\/12\/SAM_4034-1024x768.jpg 1024w, https:\/\/www.snowpro.pl\/wp-content\/uploads\/2019\/12\/SAM_4034-300x225.jpg 300w, https:\/\/www.snowpro.pl\/wp-content\/uploads\/2019\/12\/SAM_4034-768x576.jpg 768w, https:\/\/www.snowpro.pl\/wp-content\/uploads\/2019\/12\/SAM_4034-1568x1176.jpg 1568w\" sizes=\"auto, (max-width: 706px) 89vw, (max-width: 767px) 82vw, 740px\" \/><\/figure>\n\n\n\n<figure class=\"wp-block-image\"><img loading=\"lazy\" decoding=\"async\" width=\"1024\" height=\"768\" data-id=\"20\" src=\"http:\/\/www.snowpro.pl\/wp-content\/uploads\/2019\/12\/SAM_4038-1024x768.jpg\" alt=\"\" class=\"wp-image-20\" srcset=\"https:\/\/www.snowpro.pl\/wp-content\/uploads\/2019\/12\/SAM_4038-1024x768.jpg 1024w, https:\/\/www.snowpro.pl\/wp-content\/uploads\/2019\/12\/SAM_4038-300x225.jpg 300w, https:\/\/www.snowpro.pl\/wp-content\/uploads\/2019\/12\/SAM_4038-768x576.jpg 768w, https:\/\/www.snowpro.pl\/wp-content\/uploads\/2019\/12\/SAM_4038-1568x1176.jpg 1568w\" sizes=\"auto, (max-width: 706px) 89vw, (max-width: 767px) 82vw, 740px\" \/><\/figure>\n\n\n\n<figure class=\"wp-block-image\"><img loading=\"lazy\" decoding=\"async\" width=\"1024\" height=\"768\" data-id=\"21\" src=\"http:\/\/www.snowpro.pl\/wp-content\/uploads\/2019\/12\/SAM_4044-1024x768.jpg\" alt=\"\" class=\"wp-image-21\" srcset=\"https:\/\/www.snowpro.pl\/wp-content\/uploads\/2019\/12\/SAM_4044-1024x768.jpg 1024w, https:\/\/www.snowpro.pl\/wp-content\/uploads\/2019\/12\/SAM_4044-300x225.jpg 300w, https:\/\/www.snowpro.pl\/wp-content\/uploads\/2019\/12\/SAM_4044-768x576.jpg 768w, https:\/\/www.snowpro.pl\/wp-content\/uploads\/2019\/12\/SAM_4044-1568x1176.jpg 1568w\" sizes=\"auto, (max-width: 706px) 89vw, (max-width: 767px) 82vw, 740px\" \/><\/figure>\n\n\n\n<figure class=\"wp-block-image\"><img loading=\"lazy\" decoding=\"async\" width=\"1024\" height=\"768\" data-id=\"22\" src=\"http:\/\/www.snowpro.pl\/wp-content\/uploads\/2019\/12\/SAM_4045-1024x768.jpg\" alt=\"\" class=\"wp-image-22\" srcset=\"https:\/\/www.snowpro.pl\/wp-content\/uploads\/2019\/12\/SAM_4045-1024x768.jpg 1024w, https:\/\/www.snowpro.pl\/wp-content\/uploads\/2019\/12\/SAM_4045-300x225.jpg 300w, https:\/\/www.snowpro.pl\/wp-content\/uploads\/2019\/12\/SAM_4045-768x576.jpg 768w, https:\/\/www.snowpro.pl\/wp-content\/uploads\/2019\/12\/SAM_4045-1568x1176.jpg 1568w\" sizes=\"auto, (max-width: 706px) 89vw, (max-width: 767px) 82vw, 740px\" \/><\/figure>\n\n\n\n<figure class=\"wp-block-image\"><img loading=\"lazy\" decoding=\"async\" width=\"1024\" height=\"768\" data-id=\"23\" src=\"http:\/\/www.snowpro.pl\/wp-content\/uploads\/2019\/12\/SAM_4046-1024x768.jpg\" alt=\"\" class=\"wp-image-23\" srcset=\"https:\/\/www.snowpro.pl\/wp-content\/uploads\/2019\/12\/SAM_4046-1024x768.jpg 1024w, https:\/\/www.snowpro.pl\/wp-content\/uploads\/2019\/12\/SAM_4046-300x225.jpg 300w, https:\/\/www.snowpro.pl\/wp-content\/uploads\/2019\/12\/SAM_4046-768x576.jpg 768w, https:\/\/www.snowpro.pl\/wp-content\/uploads\/2019\/12\/SAM_4046-1568x1176.jpg 1568w\" sizes=\"auto, (max-width: 706px) 89vw, (max-width: 767px) 82vw, 740px\" \/><\/figure>\n\n\n\n<figure class=\"wp-block-image\"><img loading=\"lazy\" decoding=\"async\" width=\"1024\" height=\"768\" data-id=\"24\" src=\"http:\/\/www.snowpro.pl\/wp-content\/uploads\/2019\/12\/SAM_4047-1024x768.jpg\" alt=\"\" class=\"wp-image-24\" srcset=\"https:\/\/www.snowpro.pl\/wp-content\/uploads\/2019\/12\/SAM_4047-1024x768.jpg 1024w, https:\/\/www.snowpro.pl\/wp-content\/uploads\/2019\/12\/SAM_4047-300x225.jpg 300w, https:\/\/www.snowpro.pl\/wp-content\/uploads\/2019\/12\/SAM_4047-768x576.jpg 768w, https:\/\/www.snowpro.pl\/wp-content\/uploads\/2019\/12\/SAM_4047-1568x1176.jpg 1568w\" sizes=\"auto, (max-width: 706px) 89vw, (max-width: 767px) 82vw, 740px\" \/><\/figure>\n\n\n\n<figure class=\"wp-block-image\"><img loading=\"lazy\" decoding=\"async\" width=\"1024\" height=\"768\" data-id=\"25\" src=\"http:\/\/www.snowpro.pl\/wp-content\/uploads\/2019\/12\/SAM_4090-1024x768.jpg\" alt=\"\" class=\"wp-image-25\" srcset=\"https:\/\/www.snowpro.pl\/wp-content\/uploads\/2019\/12\/SAM_4090-1024x768.jpg 1024w, https:\/\/www.snowpro.pl\/wp-content\/uploads\/2019\/12\/SAM_4090-300x225.jpg 300w, https:\/\/www.snowpro.pl\/wp-content\/uploads\/2019\/12\/SAM_4090-768x576.jpg 768w, https:\/\/www.snowpro.pl\/wp-content\/uploads\/2019\/12\/SAM_4090-1568x1176.jpg 1568w\" sizes=\"auto, (max-width: 706px) 89vw, (max-width: 767px) 82vw, 740px\" \/><\/figure>\n\n\n\n<figure class=\"wp-block-image\"><img loading=\"lazy\" decoding=\"async\" width=\"1024\" height=\"768\" data-id=\"26\" src=\"http:\/\/www.snowpro.pl\/wp-content\/uploads\/2019\/12\/SAM_4092-1024x768.jpg\" alt=\"\" class=\"wp-image-26\" srcset=\"https:\/\/www.snowpro.pl\/wp-content\/uploads\/2019\/12\/SAM_4092-1024x768.jpg 1024w, https:\/\/www.snowpro.pl\/wp-content\/uploads\/2019\/12\/SAM_4092-300x225.jpg 300w, https:\/\/www.snowpro.pl\/wp-content\/uploads\/2019\/12\/SAM_4092-768x576.jpg 768w, https:\/\/www.snowpro.pl\/wp-content\/uploads\/2019\/12\/SAM_4092-1568x1176.jpg 1568w\" sizes=\"auto, (max-width: 706px) 89vw, (max-width: 767px) 82vw, 740px\" \/><\/figure>\n\n\n\n<figure class=\"wp-block-image\"><img loading=\"lazy\" decoding=\"async\" width=\"1024\" height=\"768\" data-id=\"27\" src=\"http:\/\/www.snowpro.pl\/wp-content\/uploads\/2019\/12\/SAM_4094-1024x768.jpg\" alt=\"\" class=\"wp-image-27\" srcset=\"https:\/\/www.snowpro.pl\/wp-content\/uploads\/2019\/12\/SAM_4094-1024x768.jpg 1024w, https:\/\/www.snowpro.pl\/wp-content\/uploads\/2019\/12\/SAM_4094-300x225.jpg 300w, https:\/\/www.snowpro.pl\/wp-content\/uploads\/2019\/12\/SAM_4094-768x576.jpg 768w, https:\/\/www.snowpro.pl\/wp-content\/uploads\/2019\/12\/SAM_4094-1568x1176.jpg 1568w\" sizes=\"auto, (max-width: 706px) 89vw, (max-width: 767px) 82vw, 740px\" \/><\/figure>\n\n\n\n<figure class=\"wp-block-image\"><img loading=\"lazy\" decoding=\"async\" width=\"600\" height=\"450\" data-id=\"28\" src=\"http:\/\/www.snowpro.pl\/wp-content\/uploads\/2019\/12\/skoki002.jpeg\" alt=\"\" class=\"wp-image-28\" srcset=\"https:\/\/www.snowpro.pl\/wp-content\/uploads\/2019\/12\/skoki002.jpeg 600w, https:\/\/www.snowpro.pl\/wp-content\/uploads\/2019\/12\/skoki002-300x225.jpeg 300w\" sizes=\"auto, (max-width: 600px) 100vw, 600px\" \/><\/figure>\n\n\n\n<figure class=\"wp-block-image\"><img loading=\"lazy\" decoding=\"async\" width=\"436\" height=\"327\" data-id=\"29\" src=\"http:\/\/www.snowpro.pl\/wp-content\/uploads\/2019\/12\/skoki009.jpeg\" alt=\"\" class=\"wp-image-29\" srcset=\"https:\/\/www.snowpro.pl\/wp-content\/uploads\/2019\/12\/skoki009.jpeg 436w, https:\/\/www.snowpro.pl\/wp-content\/uploads\/2019\/12\/skoki009-300x225.jpeg 300w\" sizes=\"auto, (max-width: 436px) 100vw, 436px\" \/><\/figure>\n\n\n\n<figure class=\"wp-block-image\"><img loading=\"lazy\" decoding=\"async\" width=\"1024\" height=\"418\" data-id=\"30\" src=\"http:\/\/www.snowpro.pl\/wp-content\/uploads\/2019\/12\/snowmobile-colorado-1716x700_c-1024x418.jpg\" alt=\"\" class=\"wp-image-30\" srcset=\"https:\/\/www.snowpro.pl\/wp-content\/uploads\/2019\/12\/snowmobile-colorado-1716x700_c-1024x418.jpg 1024w, https:\/\/www.snowpro.pl\/wp-content\/uploads\/2019\/12\/snowmobile-colorado-1716x700_c-300x122.jpg 300w, https:\/\/www.snowpro.pl\/wp-content\/uploads\/2019\/12\/snowmobile-colorado-1716x700_c-768x313.jpg 768w, https:\/\/www.snowpro.pl\/wp-content\/uploads\/2019\/12\/snowmobile-colorado-1716x700_c-1568x640.jpg 1568w, https:\/\/www.snowpro.pl\/wp-content\/uploads\/2019\/12\/snowmobile-colorado-1716x700_c.jpg 1716w\" sizes=\"auto, (max-width: 706px) 89vw, (max-width: 767px) 82vw, 740px\" \/><\/figure>\n\n\n\n<figure class=\"wp-block-image\"><img loading=\"lazy\" decoding=\"async\" width=\"960\" height=\"720\" data-id=\"31\" src=\"http:\/\/www.snowpro.pl\/wp-content\/uploads\/2019\/12\/snowpro3.jpg\" alt=\"\" class=\"wp-image-31\" srcset=\"https:\/\/www.snowpro.pl\/wp-content\/uploads\/2019\/12\/snowpro3.jpg 960w, https:\/\/www.snowpro.pl\/wp-content\/uploads\/2019\/12\/snowpro3-300x225.jpg 300w, https:\/\/www.snowpro.pl\/wp-content\/uploads\/2019\/12\/snowpro3-768x576.jpg 768w\" sizes=\"auto, (max-width: 706px) 89vw, (max-width: 767px) 82vw, 740px\" \/><\/figure>\n\n\n\n<figure class=\"wp-block-image\"><img loading=\"lazy\" decoding=\"async\" width=\"960\" height=\"720\" data-id=\"32\" src=\"http:\/\/www.snowpro.pl\/wp-content\/uploads\/2019\/12\/snowpro5.jpg\" alt=\"\" class=\"wp-image-32\" srcset=\"https:\/\/www.snowpro.pl\/wp-content\/uploads\/2019\/12\/snowpro5.jpg 960w, https:\/\/www.snowpro.pl\/wp-content\/uploads\/2019\/12\/snowpro5-300x225.jpg 300w, https:\/\/www.snowpro.pl\/wp-content\/uploads\/2019\/12\/snowpro5-768x576.jpg 768w\" sizes=\"auto, (max-width: 706px) 89vw, (max-width: 767px) 82vw, 740px\" \/><\/figure>\n\n\n\n<figure class=\"wp-block-image\"><img loading=\"lazy\" decoding=\"async\" width=\"1024\" height=\"613\" data-id=\"33\" src=\"http:\/\/www.snowpro.pl\/wp-content\/uploads\/2019\/12\/snowpro7-1024x613.jpg\" alt=\"\" class=\"wp-image-33\" srcset=\"https:\/\/www.snowpro.pl\/wp-content\/uploads\/2019\/12\/snowpro7-1024x613.jpg 1024w, https:\/\/www.snowpro.pl\/wp-content\/uploads\/2019\/12\/snowpro7-300x180.jpg 300w, https:\/\/www.snowpro.pl\/wp-content\/uploads\/2019\/12\/snowpro7-768x460.jpg 768w, https:\/\/www.snowpro.pl\/wp-content\/uploads\/2019\/12\/snowpro7-1568x939.jpg 1568w\" sizes=\"auto, (max-width: 706px) 89vw, (max-width: 767px) 82vw, 740px\" \/><\/figure>\n\n\n\n<figure class=\"wp-block-image\"><img loading=\"lazy\" decoding=\"async\" width=\"1024\" height=\"613\" data-id=\"34\" src=\"http:\/\/www.snowpro.pl\/wp-content\/uploads\/2019\/12\/snowpro10-1024x613.jpg\" alt=\"\" class=\"wp-image-34\" srcset=\"https:\/\/www.snowpro.pl\/wp-content\/uploads\/2019\/12\/snowpro10-1024x613.jpg 1024w, https:\/\/www.snowpro.pl\/wp-content\/uploads\/2019\/12\/snowpro10-300x180.jpg 300w, https:\/\/www.snowpro.pl\/wp-content\/uploads\/2019\/12\/snowpro10-768x460.jpg 768w, https:\/\/www.snowpro.pl\/wp-content\/uploads\/2019\/12\/snowpro10-1568x939.jpg 1568w\" sizes=\"auto, (max-width: 706px) 89vw, (max-width: 767px) 82vw, 740px\" \/><\/figure>\n\n\n\n<figure class=\"wp-block-image\"><img loading=\"lazy\" decoding=\"async\" width=\"1024\" height=\"613\" data-id=\"35\" src=\"http:\/\/www.snowpro.pl\/wp-content\/uploads\/2019\/12\/snowpro12-1024x613.jpg\" alt=\"\" class=\"wp-image-35\" srcset=\"https:\/\/www.snowpro.pl\/wp-content\/uploads\/2019\/12\/snowpro12-1024x613.jpg 1024w, https:\/\/www.snowpro.pl\/wp-content\/uploads\/2019\/12\/snowpro12-300x180.jpg 300w, https:\/\/www.snowpro.pl\/wp-content\/uploads\/2019\/12\/snowpro12-768x460.jpg 768w, https:\/\/www.snowpro.pl\/wp-content\/uploads\/2019\/12\/snowpro12-1568x939.jpg 1568w\" sizes=\"auto, (max-width: 706px) 89vw, (max-width: 767px) 82vw, 740px\" \/><\/figure>\n\n\n\n<figure class=\"wp-block-image\"><img loading=\"lazy\" decoding=\"async\" width=\"1024\" height=\"613\" data-id=\"36\" src=\"http:\/\/www.snowpro.pl\/wp-content\/uploads\/2019\/12\/snowpro14-1024x613.jpg\" alt=\"\" class=\"wp-image-36\" srcset=\"https:\/\/www.snowpro.pl\/wp-content\/uploads\/2019\/12\/snowpro14-1024x613.jpg 1024w, https:\/\/www.snowpro.pl\/wp-content\/uploads\/2019\/12\/snowpro14-300x180.jpg 300w, https:\/\/www.snowpro.pl\/wp-content\/uploads\/2019\/12\/snowpro14-768x460.jpg 768w, https:\/\/www.snowpro.pl\/wp-content\/uploads\/2019\/12\/snowpro14-1568x939.jpg 1568w\" sizes=\"auto, (max-width: 706px) 89vw, (max-width: 767px) 82vw, 740px\" \/><\/figure>\n\n\n\n<figure class=\"wp-block-image\"><img loading=\"lazy\" decoding=\"async\" width=\"1024\" height=\"613\" data-id=\"37\" src=\"http:\/\/www.snowpro.pl\/wp-content\/uploads\/2019\/12\/snowpro20-1024x613.jpg\" alt=\"\" class=\"wp-image-37\" srcset=\"https:\/\/www.snowpro.pl\/wp-content\/uploads\/2019\/12\/snowpro20-1024x613.jpg 1024w, https:\/\/www.snowpro.pl\/wp-content\/uploads\/2019\/12\/snowpro20-300x180.jpg 300w, https:\/\/www.snowpro.pl\/wp-content\/uploads\/2019\/12\/snowpro20-768x460.jpg 768w, https:\/\/www.snowpro.pl\/wp-content\/uploads\/2019\/12\/snowpro20-1568x939.jpg 1568w\" sizes=\"auto, (max-width: 706px) 89vw, (max-width: 767px) 82vw, 740px\" \/><\/figure>\n\n\n\n<figure class=\"wp-block-image\"><img loading=\"lazy\" decoding=\"async\" width=\"1024\" height=\"768\" data-id=\"38\" src=\"http:\/\/www.snowpro.pl\/wp-content\/uploads\/2019\/12\/snowpro24-1024x768.jpg\" alt=\"\" class=\"wp-image-38\" srcset=\"https:\/\/www.snowpro.pl\/wp-content\/uploads\/2019\/12\/snowpro24-1024x768.jpg 1024w, https:\/\/www.snowpro.pl\/wp-content\/uploads\/2019\/12\/snowpro24-300x225.jpg 300w, https:\/\/www.snowpro.pl\/wp-content\/uploads\/2019\/12\/snowpro24-768x576.jpg 768w, https:\/\/www.snowpro.pl\/wp-content\/uploads\/2019\/12\/snowpro24-1568x1176.jpg 1568w\" sizes=\"auto, (max-width: 706px) 89vw, (max-width: 767px) 82vw, 740px\" \/><\/figure>\n\n\n\n<figure class=\"wp-block-image\"><img loading=\"lazy\" decoding=\"async\" width=\"1024\" height=\"768\" data-id=\"39\" src=\"http:\/\/www.snowpro.pl\/wp-content\/uploads\/2019\/12\/STA60649-1024x768.jpg\" alt=\"\" class=\"wp-image-39\" srcset=\"https:\/\/www.snowpro.pl\/wp-content\/uploads\/2019\/12\/STA60649-1024x768.jpg 1024w, https:\/\/www.snowpro.pl\/wp-content\/uploads\/2019\/12\/STA60649-300x225.jpg 300w, https:\/\/www.snowpro.pl\/wp-content\/uploads\/2019\/12\/STA60649-768x576.jpg 768w, https:\/\/www.snowpro.pl\/wp-content\/uploads\/2019\/12\/STA60649-1568x1176.jpg 1568w\" sizes=\"auto, (max-width: 706px) 89vw, (max-width: 767px) 82vw, 740px\" \/><\/figure>\n\n\n\n<figure class=\"wp-block-image\"><img loading=\"lazy\" decoding=\"async\" width=\"920\" height=\"500\" data-id=\"40\" src=\"http:\/\/www.snowpro.pl\/wp-content\/uploads\/2019\/12\/ZDJECIE-W-TLE.jpg\" alt=\"\" class=\"wp-image-40\" srcset=\"https:\/\/www.snowpro.pl\/wp-content\/uploads\/2019\/12\/ZDJECIE-W-TLE.jpg 920w, https:\/\/www.snowpro.pl\/wp-content\/uploads\/2019\/12\/ZDJECIE-W-TLE-300x163.jpg 300w, https:\/\/www.snowpro.pl\/wp-content\/uploads\/2019\/12\/ZDJECIE-W-TLE-768x417.jpg 768w\" sizes=\"auto, (max-width: 706px) 89vw, (max-width: 767px) 82vw, 740px\" \/><\/figure>\n<\/figure>\n","protected":false},"excerpt":{"rendered":"<p>Bia\u0142ka Tatrza\u0144ska to nie tylko narty i baseny termalne. Stworzyli\u015bmy ofert\u0119 aktywnego sp\u0119dzania czasu na skuterach \u015bnie\u017cnych. Je\u017adzimy na skuterach od kilkunastu lat i ch\u0119tnie podzielimy si\u0119 do\u015bwiadczeniem i nasz\u0105 pasj\u0105. Skutery \u015bnie\u017cne to nie tylko forma transportu. To tak\u017ce wspania\u0142e hobby, sport i niezapomniane prze\u017cycia. SNOWPRO &#8211; firma zajmuj\u0105c\u0105 si\u0119 kompleksow\u0105 organizacj\u0105 wypraw na &hellip; <\/p>\n<p class=\"link-more\"><a href=\"https:\/\/www.snowpro.pl\/index.php\/o-nas-snowpro\/\" class=\"more-link\">Czytaj dalej<span class=\"screen-reader-text\"> \u201eO Nas\u201d<\/span><\/a><\/p>\n","protected":false},"author":2,"featured_media":0,"parent":0,"menu_order":0,"comment_status":"closed","ping_status":"closed","template":"","meta":{"footnotes":""},"class_list":["post-9","page","type-page","status-publish","hentry"],"_links":{"self":[{"href":"https:\/\/www.snowpro.pl\/index.php\/wp-json\/wp\/v2\/pages\/9","targetHints":{"allow":["GET"]}}],"collection":[{"href":"https:\/\/www.snowpro.pl\/index.php\/wp-json\/wp\/v2\/pages"}],"about":[{"href":"https:\/\/www.snowpro.pl\/index.php\/wp-json\/wp\/v2\/types\/page"}],"author":[{"embeddable":true,"href":"https:\/\/www.snowpro.pl\/index.php\/wp-json\/wp\/v2\/users\/2"}],"replies":[{"embeddable":true,"href":"https:\/\/www.snowpro.pl\/index.php\/wp-json\/wp\/v2\/comments?post=9"}],"version-history":[{"count":4,"href":"https:\/\/www.snowpro.pl\/index.php\/wp-json\/wp\/v2\/pages\/9\/revisions"}],"predecessor-version":[{"id":2044,"href":"https:\/\/www.snowpro.pl\/index.php\/wp-json\/wp\/v2\/pages\/9\/revisions\/2044"}],"wp:attachment":[{"href":"https:\/\/www.snowpro.pl\/index.php\/wp-json\/wp\/v2\/media?parent=9"}],"curies":[{"name":"wp","href":"https:\/\/api.w.org\/{rel}","templated":true}]}}