{"id":42,"date":"2024-12-15T22:49:46","date_gmt":"2024-12-15T21:49:46","guid":{"rendered":"http:\/\/www.snowpro.pl\/?page_id=42"},"modified":"2024-12-16T09:45:59","modified_gmt":"2024-12-16T08:45:59","slug":"kontakt-snowpro","status":"publish","type":"page","link":"https:\/\/www.snowpro.pl\/index.php\/kontakt-snowpro\/","title":{"rendered":"Kontakt:"},"content":{"rendered":"\n<p>34-405 Bia\u0142ka Tatrza\u0144ska<\/p>\n\n\n\n<p>Ul. \u015arodkowa 26<\/p>\n\n\n\n<p><a href=\"mailto:INFO@SNOWPRO.PL\">INFO@SNOWPRO.PL<\/a><\/p>\n\n\n\n<p>Pozycja GPS:&nbsp;&nbsp; 20.1122435. 335<\/p>\n\n\n\n<ul class=\"wp-block-list\">\n<li><strong>Please call number +48 609 007 787, we speak English<\/strong><\/li>\n\n\n\n<li><strong>rezerwacja skuter\u00f3w i termin\u00f3w: +48 609 007 787, +48 601 504 301<\/strong><\/li>\n<\/ul>\n\n\n\n<figure class=\"wp-block-gallery has-nested-images columns-default is-cropped wp-block-gallery-1 is-layout-flex wp-block-gallery-is-layout-flex\">\n<figure class=\"wp-block-image size-large\"><img loading=\"lazy\" decoding=\"async\" width=\"929\" height=\"655\" data-id=\"98\" src=\"http:\/\/www.snowpro.pl\/wp-content\/uploads\/2019\/12\/80312285_453084638713234_7727409883703672832_n.jpg\" alt=\"\" class=\"wp-image-98\" srcset=\"https:\/\/www.snowpro.pl\/wp-content\/uploads\/2019\/12\/80312285_453084638713234_7727409883703672832_n.jpg 929w, https:\/\/www.snowpro.pl\/wp-content\/uploads\/2019\/12\/80312285_453084638713234_7727409883703672832_n-300x212.jpg 300w, https:\/\/www.snowpro.pl\/wp-content\/uploads\/2019\/12\/80312285_453084638713234_7727409883703672832_n-768x541.jpg 768w\" sizes=\"auto, (max-width: 706px) 89vw, (max-width: 767px) 82vw, 740px\" \/><\/figure>\n<\/figure>\n\n\n\n<p><\/p>\n\n\n\n<iframe src=\"https:\/\/www.google.com\/maps\/embed?pb=!1m18!1m12!1m3!1d41598.52632378085!2d19.999412187049092!3d49.33496254100819!2m3!1f0!2f0!3f0!3m2!1i1024!2i768!4f13.1!3m3!1m2!1s0x4715f0ce1035c851%3A0xec28241d70a6a540!2sSnowPro%20-%20Skutery%20%C5%9Bnie%C5%BCne!5e0!3m2!1spl!2spl!4v1668368612276!5m2!1spl!2spl\" width=\"600\" height=\"450\" style=\"border:0;\" allowfullscreen=\"\" loading=\"lazy\" referrerpolicy=\"no-referrer-when-downgrade\"><\/iframe>\n","protected":false},"excerpt":{"rendered":"<p>34-405 Bia\u0142ka Tatrza\u0144ska Ul. \u015arodkowa 26 INFO@SNOWPRO.PL Pozycja GPS:&nbsp;&nbsp; 20.1122435. 335<\/p>\n","protected":false},"author":2,"featured_media":0,"parent":0,"menu_order":0,"comment_status":"closed","ping_status":"closed","template":"","meta":{"footnotes":""},"class_list":["post-42","page","type-page","status-publish","hentry"],"_links":{"self":[{"href":"https:\/\/www.snowpro.pl\/index.php\/wp-json\/wp\/v2\/pages\/42","targetHints":{"allow":["GET"]}}],"collection":[{"href":"https:\/\/www.snowpro.pl\/index.php\/wp-json\/wp\/v2\/pages"}],"about":[{"href":"https:\/\/www.snowpro.pl\/index.php\/wp-json\/wp\/v2\/types\/page"}],"author":[{"embeddable":true,"href":"https:\/\/www.snowpro.pl\/index.php\/wp-json\/wp\/v2\/users\/2"}],"replies":[{"embeddable":true,"href":"https:\/\/www.snowpro.pl\/index.php\/wp-json\/wp\/v2\/comments?post=42"}],"version-history":[{"count":8,"href":"https:\/\/www.snowpro.pl\/index.php\/wp-json\/wp\/v2\/pages\/42\/revisions"}],"predecessor-version":[{"id":2040,"href":"https:\/\/www.snowpro.pl\/index.php\/wp-json\/wp\/v2\/pages\/42\/revisions\/2040"}],"wp:attachment":[{"href":"https:\/\/www.snowpro.pl\/index.php\/wp-json\/wp\/v2\/media?parent=42"}],"curies":[{"name":"wp","href":"https:\/\/api.w.org\/{rel}","templated":true}]}}